{"id":3751,"date":"2020-01-31T16:10:21","date_gmt":"2020-01-31T16:10:21","guid":{"rendered":"http:\/\/balkanwines.ca\/?page_id=3751"},"modified":"2020-01-31T16:27:11","modified_gmt":"2020-01-31T16:27:11","slug":"chateau-rousselle-cellar","status":"publish","type":"page","link":"https:\/\/balkanwines.ca\/index.php\/chateau-rousselle-cellar\/","title":{"rendered":"Ch\u00e2teau Rousselle"},"content":{"rendered":"\t\t<div data-elementor-type=\"wp-page\" data-elementor-id=\"3751\" class=\"elementor elementor-3751\">\n\t\t\t\t\t\t<section class=\"elementor-section elementor-top-section elementor-element elementor-element-3f2a8c6 elementor-section-content-middle elementor-section-boxed elementor-section-height-default elementor-section-height-default\" data-id=\"3f2a8c6\" data-element_type=\"section\">\n\t\t\t\t\t\t<div class=\"elementor-container elementor-column-gap-extended\">\n\t\t\t\t\t<div class=\"elementor-column elementor-col-100 elementor-top-column elementor-element elementor-element-d0e27c2\" data-id=\"d0e27c2\" data-element_type=\"column\">\n\t\t\t<div class=\"elementor-widget-wrap elementor-element-populated\">\n\t\t\t\t\t\t<div class=\"elementor-element elementor-element-d765eb4 elementor-widget elementor-widget-heading\" data-id=\"d765eb4\" data-element_type=\"widget\" data-widget_type=\"heading.default\">\n\t\t\t\t<div class=\"elementor-widget-container\">\n\t\t\t\t\t<h2 class=\"elementor-heading-title elementor-size-default\"><span style=\"text-align: center\">WELCOME TO<\/span><span style=\"text-align: center\"><\/span><\/h2>\t\t\t\t<\/div>\n\t\t\t\t<\/div>\n\t\t\t\t<div class=\"elementor-element elementor-element-8aecd51 elementor-widget elementor-widget-image\" data-id=\"8aecd51\" data-element_type=\"widget\" data-widget_type=\"image.default\">\n\t\t\t\t<div class=\"elementor-widget-container\">\n\t\t\t\t\t\t\t\t\t\t\t\t\t\t\t<img decoding=\"async\" src=\"https:\/\/balkanwines.ca\/wp-content\/uploads\/2020\/01\/logo_rouselle-2-scaled.jpg\" title=\"logo_rouselle 2\" alt=\"logo_rouselle 2\" loading=\"lazy\" \/>\t\t\t\t\t\t\t\t\t\t\t\t\t\t\t<\/div>\n\t\t\t\t<\/div>\n\t\t\t\t<div class=\"elementor-element elementor-element-50ee017 elementor-widget elementor-widget-text-editor\" data-id=\"50ee017\" data-element_type=\"widget\" data-widget_type=\"text-editor.default\">\n\t\t\t\t<div class=\"elementor-widget-container\">\n\t\t\t\t\t\t\t\t\t<p class=\"ellip\">Spotlight Of The Month &#8211; this section is dedicated to our partners!<\/p>\t\t\t\t\t\t\t\t<\/div>\n\t\t\t\t<\/div>\n\t\t\t\t<div class=\"elementor-element elementor-element-c0dc98c elementor-widget__width-auto elementor-absolute elementor-widget-divider--view-line elementor-widget elementor-widget-divider\" data-id=\"c0dc98c\" data-element_type=\"widget\" data-settings=\"{&quot;_position&quot;:&quot;absolute&quot;}\" data-widget_type=\"divider.default\">\n\t\t\t\t<div class=\"elementor-widget-container\">\n\t\t\t\t\t\t\t<div class=\"elementor-divider\">\n\t\t\t<span class=\"elementor-divider-separator\">\n\t\t\t\t\t\t<\/span>\n\t\t<\/div>\n\t\t\t\t\t\t<\/div>\n\t\t\t\t<\/div>\n\t\t\t\t\t<\/div>\n\t\t<\/div>\n\t\t\t\t\t<\/div>\n\t\t<\/section>\n\t\t\t\t<section class=\"elementor-section elementor-top-section elementor-element elementor-element-9a48eaa elementor-section-boxed elementor-section-height-default elementor-section-height-default\" data-id=\"9a48eaa\" data-element_type=\"section\">\n\t\t\t\t\t\t<div class=\"elementor-container elementor-column-gap-default\">\n\t\t\t\t\t<div class=\"elementor-column elementor-col-100 elementor-top-column elementor-element elementor-element-b9b1efc\" data-id=\"b9b1efc\" data-element_type=\"column\">\n\t\t\t<div class=\"elementor-widget-wrap elementor-element-populated\">\n\t\t\t\t\t\t<div class=\"elementor-element elementor-element-f4af130 elementor-widget elementor-widget-image\" data-id=\"f4af130\" data-element_type=\"widget\" data-widget_type=\"image.default\">\n\t\t\t\t<div class=\"elementor-widget-container\">\n\t\t\t\t\t\t\t\t\t\t\t\t\t\t\t<img fetchpriority=\"high\" decoding=\"async\" width=\"768\" height=\"511\" src=\"https:\/\/balkanwines.ca\/wp-content\/uploads\/2020\/01\/chataue-768x511.jpg\" class=\"attachment-medium_large size-medium_large wp-image-3755\" alt=\"\" srcset=\"https:\/\/balkanwines.ca\/wp-content\/uploads\/2020\/01\/chataue-768x511.jpg 768w, https:\/\/balkanwines.ca\/wp-content\/uploads\/2020\/01\/chataue-300x200.jpg 300w, https:\/\/balkanwines.ca\/wp-content\/uploads\/2020\/01\/chataue-272x182.jpg 272w, https:\/\/balkanwines.ca\/wp-content\/uploads\/2020\/01\/chataue.jpg 1024w\" sizes=\"(max-width: 768px) 100vw, 768px\" \/>\t\t\t\t\t\t\t\t\t\t\t\t\t\t\t<\/div>\n\t\t\t\t<\/div>\n\t\t\t\t<div class=\"elementor-element elementor-element-348c5b2 elementor-widget elementor-widget-text-editor\" data-id=\"348c5b2\" data-element_type=\"widget\" data-widget_type=\"text-editor.default\">\n\t\t\t\t<div class=\"elementor-widget-container\">\n\t\t\t\t\t\t\t\t\t<h5>History<\/h5><p>Viticulture would date back to the 1st century on the right bank of Gironde Estuary. The records attest that in the 12th century, the Bourg wine region already extended until the districts of Saint Ciers de Canesse and Villeneuve, so there is no doubt that vine growing on the lands known as Rousselle existed several centuries before the noble house was built.<br \/>About the \u201cnoble house of Rousselle\u201d, its first owner seemed to be My Lord Jean de Tortaty, chevalier in the 17th century. At that time, the district of Saint Ciers de Canesse (village where Rousselle is settled) used to count only three noble houses, including Rousselle. During the renovation of the house in 2000, the date 1636 has been found engraved over the lintel of the back door. It is necessary to precise that the house, such as it looks now, reveals it has been erected in two distinct and successive periods. The back of the building is clearly the oldest, from 17th century style, while the front looks comprar levitra like a typical mansion of the 19th century. This architectural \u201cassembly\u201d must be the consequence of renovation, extension or modernization work, undertaken during the 19th century.<\/p><p>About the viticultural production of Ch\u00e2teau Rousselle, its wine was classified from 1868 by F\u00e9ret and Cocks as First Bourgeois, which was the highest level of classification of the AOC. During the 19th century, Ch\u00e2teau Rousselle became a \u201cpilot\u201d vineyard to experiment its cellar\u2019s modernization. However, the vines of Rousselle have not been spared by the phylloxera crisis, which reached the area around 1875.<\/p><p>During the 20th century, Ch\u00e2teau Rousselle has been owned by several families.<br \/>The vineyard belongs to the Lemaitre family since 1999. After searching everywhere in France, for more than two years, a vineyard with precise criterions \u2013 such as very good terroir, old vines and buildings, all in one piece property \u2013 Vincent Lemaitre \u201cfelt in love\u201d with Ch\u00e2teau Rousselle, despite it was in a pitiful state. But in less than five years, Vincent led all the renovation works of the cellar and the house, he changed entirely the way to take care of the vines and learnt how to make his own wine with the help of an oenologist. And today, thanks to Vincent, Ch\u00e2teau Rousselle recovered its esthetical and gustative nobility.<\/p><h5>TERROIR<\/h5><p>Vincent Lemaitre and his team cultivates today 23 hectars of vineyards. The vineplants are growing on the distinctive hills of the area between Bourg and Blaye.<\/p><p>Ch\u00e2teau Rousselle \u2013 AOC c\u00f4tes de Bourg<br \/>20,5 hectars in AOC C\u00f4tes de Bourg (among them 18 hectars in one piece). Those parcels spread into the territory of 3 villages : Saint Ciers de Canesse, Villeneuve et Saint Seurin de Bourg. Exposure : north-facing, on the gentle slopes of the hills, 30 to 60 meters above sea level. Vines with a north-facing exposure give tannic red wines.\u00a0 Soil\u00a0:\u00a0slopes of limestone covered brown clay.<\/p><p>Climate :\u00a0temperate, moist and mild climate of the Atlantic ocean.<\/p><h5>Vinification<br \/><br \/><\/h5><p>Sorting of the entire harvest by hand on a sorting table.<br \/>Cold maceration<br \/>Alcoholic fermentation and maceration over an extended period to extract the aromas and give the wine all its strength.<br \/>Daily pumping-over (morning and evening) whose duration depends on the volume of the tank.<br \/>Malolactic fermentation in new barrels for the tank of merlot intended for \u201cprestige\u201d wine..<\/p><h5>THE CELLAR<\/h5><p>90% French oak barrels<br \/>10% American oak barrels<br \/>30% of the barrels are changed every year<br \/>According to the wine, aging into barrels lasts from 8 to 18 months.<\/p><p>Topping-up of the barrels every 15 days<br \/>Racking every 6 months<\/p><p>After aging, each batch of wine is kept into concrete tank before final blending.<\/p>\t\t\t\t\t\t\t\t<\/div>\n\t\t\t\t<\/div>\n\t\t\t\t<div class=\"elementor-element elementor-element-a3a48dc elementor-widget elementor-widget-text-editor\" data-id=\"a3a48dc\" data-element_type=\"widget\" data-widget_type=\"text-editor.default\">\n\t\t\t\t<div class=\"elementor-widget-container\">\n\t\t\t\t\t\t\t\t\t<h5>JAMES SUCKLING BORDEAUX TASTING &#8211; 2018<\/h5>\t\t\t\t\t\t\t\t<\/div>\n\t\t\t\t<\/div>\n\t\t\t\t<div class=\"elementor-element elementor-element-f968fb7 elementor-widget elementor-widget-spacer\" data-id=\"f968fb7\" data-element_type=\"widget\" data-widget_type=\"spacer.default\">\n\t\t\t\t<div class=\"elementor-widget-container\">\n\t\t\t\t\t\t\t<div class=\"elementor-spacer\">\n\t\t\t<div class=\"elementor-spacer-inner\"><\/div>\n\t\t<\/div>\n\t\t\t\t\t\t<\/div>\n\t\t\t\t<\/div>\n\t\t\t\t\t<\/div>\n\t\t<\/div>\n\t\t\t\t\t<\/div>\n\t\t<\/section>\n\t\t\t\t<section class=\"elementor-section elementor-top-section elementor-element elementor-element-478c8e9 elementor-section-boxed elementor-section-height-default elementor-section-height-default\" data-id=\"478c8e9\" data-element_type=\"section\">\n\t\t\t\t\t\t<div class=\"elementor-container elementor-column-gap-no\">\n\t\t\t\t\t<div class=\"elementor-column elementor-col-50 elementor-top-column elementor-element elementor-element-05707e6\" data-id=\"05707e6\" data-element_type=\"column\">\n\t\t\t<div class=\"elementor-widget-wrap elementor-element-populated\">\n\t\t\t\t\t\t<div class=\"elementor-element elementor-element-26cd52d elementor-widget elementor-widget-image\" data-id=\"26cd52d\" data-element_type=\"widget\" data-widget_type=\"image.default\">\n\t\t\t\t<div class=\"elementor-widget-container\">\n\t\t\t\t\t\t\t\t\t\t\t\t\t\t\t<img decoding=\"async\" width=\"254\" height=\"300\" src=\"https:\/\/balkanwines.ca\/wp-content\/uploads\/2019\/08\/Rousselle-2-254x300.jpg\" class=\"attachment-medium size-medium wp-image-2897\" alt=\"\" srcset=\"https:\/\/balkanwines.ca\/wp-content\/uploads\/2019\/08\/Rousselle-2-254x300.jpg 254w, https:\/\/balkanwines.ca\/wp-content\/uploads\/2019\/08\/Rousselle-2-768x907.jpg 768w, https:\/\/balkanwines.ca\/wp-content\/uploads\/2019\/08\/Rousselle-2-867x1024.jpg 867w, https:\/\/balkanwines.ca\/wp-content\/uploads\/2019\/08\/Rousselle-2.jpg 924w\" sizes=\"(max-width: 254px) 100vw, 254px\" \/>\t\t\t\t\t\t\t\t\t\t\t\t\t\t\t<\/div>\n\t\t\t\t<\/div>\n\t\t\t\t<div class=\"elementor-element elementor-element-2dcaeaa elementor-align-center elementor-widget elementor-widget-button\" data-id=\"2dcaeaa\" data-element_type=\"widget\" data-widget_type=\"button.default\">\n\t\t\t\t<div class=\"elementor-widget-container\">\n\t\t\t\t\t\t\t\t\t<div class=\"elementor-button-wrapper\">\n\t\t\t\t\t<a class=\"elementor-button elementor-button-link elementor-size-sm\" href=\"http:\/\/balkanwines.ca\/index.php\/1-2-2\/\">\n\t\t\t\t\t\t<span class=\"elementor-button-content-wrapper\">\n\t\t\t\t\t\t\t\t\t<span class=\"elementor-button-text\">Read more<\/span>\n\t\t\t\t\t<\/span>\n\t\t\t\t\t<\/a>\n\t\t\t\t<\/div>\n\t\t\t\t\t\t\t\t<\/div>\n\t\t\t\t<\/div>\n\t\t\t\t\t<\/div>\n\t\t<\/div>\n\t\t\t\t<div class=\"elementor-column elementor-col-50 elementor-top-column elementor-element elementor-element-0bc9ece\" data-id=\"0bc9ece\" data-element_type=\"column\" data-settings=\"{&quot;background_background&quot;:&quot;classic&quot;}\">\n\t\t\t<div class=\"elementor-widget-wrap elementor-element-populated\">\n\t\t\t\t\t\t\t<\/div>\n\t\t<\/div>\n\t\t\t\t\t<\/div>\n\t\t<\/section>\n\t\t\t\t<\/div>\n\t\t<!-- sktbuilder starter --><script type=\"text\/javascript\" src=\"https:\/\/balkanwines.ca\/wp-content\/plugins\/skt-builder\/sktbuilder\/sktbuilder-frontend-starter.js\"><\/script><script type=\"text\/javascript\" src=\"https:\/\/balkanwines.ca\/wp-content\/plugins\/skt-builder\/sktbuilder-wordpress-driver.js\"><\/script><script type=\"text\/javascript\"> var starter = new SktbuilderStarter({\"mode\": \"prod\", \"skip\":[\"jquery\",\"underscore\",\"backbone\"],\"sktbuilderUrl\": \"https:\/\/balkanwines.ca\/wp-content\/plugins\/skt-builder\/sktbuilder\/\", \"driver\": new SktbuilderWordpressDriver({\"ajaxUrl\": \"https:\/\/balkanwines.ca\/wp-admin\/admin-ajax.php\", \"iframeUrl\": \"https:\/\/balkanwines.ca\/index.php\/chateau-rousselle-cellar\/?sktbuilder=true\", \"pageId\": 3751,  \"nonce\": \"45df14c5dd\", \"pages\": [{\"title\":\"Posts\",\"url\":\"https:\\\/\\\/balkanwines.ca\\\/wp-admin\\\/post.php?post=556&action=sktbuilder\"},{\"title\":\"WINES IN QUEBEC\",\"url\":\"https:\\\/\\\/balkanwines.ca\\\/wp-admin\\\/post.php?post=2818&action=sktbuilder\"},{\"title\":\"FACEBOOK\",\"url\":\"https:\\\/\\\/balkanwines.ca\\\/wp-admin\\\/post.php?post=2839&action=sktbuilder\"},{\"title\":\"LCBO VINTAGES\",\"url\":\"https:\\\/\\\/balkanwines.ca\\\/wp-admin\\\/post.php?post=2862&action=sktbuilder\"},{\"title\":\"WINES IN ONTARIO\",\"url\":\"https:\\\/\\\/balkanwines.ca\\\/wp-admin\\\/post.php?post=2913&action=sktbuilder\"}], \"page\": \"Ch\u00e2teau Rousselle\" }) });<\/script><!-- end sktbuilder starter -->","protected":false},"excerpt":{"rendered":"<p>WELCOME TO Spotlight Of The Month &#8211; this section is dedicated to our partners! History Viticulture would date back to the 1st century on the right bank of Gironde Estuary. The records attest that in the 12th century, the Bourg wine region already extended until the districts of Saint Ciers de Canesse and Villeneuve, so there is no doubt that vine growing on the lands known as Rousselle existed several centuries before the noble house was built.About the \u201cnoble house of Rousselle\u201d, its first owner seemed to be My Lord Jean de Tortaty, chevalier in the 17th century. At that&#8230; <\/p>\n","protected":false},"author":1,"featured_media":0,"parent":0,"menu_order":0,"comment_status":"closed","ping_status":"closed","template":"full-width.php","meta":{"footnotes":""},"yoast_head":"<!-- This site is optimized with the Yoast SEO plugin v23.5 - https:\/\/yoast.com\/wordpress\/plugins\/seo\/ -->\n<title>Ch\u00e2teau Rousselle - PV Wine &amp; Spirits<\/title>\n<meta name=\"robots\" content=\"index, follow, max-snippet:-1, max-image-preview:large, max-video-preview:-1\" \/>\n<link rel=\"canonical\" href=\"https:\/\/balkanwines.ca\/index.php\/chateau-rousselle-cellar\/\" \/>\n<meta property=\"og:locale\" content=\"en_US\" \/>\n<meta property=\"og:type\" content=\"article\" \/>\n<meta property=\"og:title\" content=\"Ch\u00e2teau Rousselle - PV Wine &amp; Spirits\" \/>\n<meta property=\"og:description\" content=\"WELCOME TO Spotlight Of The Month &#8211; this section is dedicated to our partners! History Viticulture would date back to the 1st century on the right bank of Gironde Estuary. The records attest that in the 12th century, the Bourg wine region already extended until the districts of Saint Ciers de Canesse and Villeneuve, so there is no doubt that vine growing on the lands known as Rousselle existed several centuries before the noble house was built.About the \u201cnoble house of Rousselle\u201d, its first owner seemed to be My Lord Jean de Tortaty, chevalier in the 17th century. At that...\" \/>\n<meta property=\"og:url\" content=\"https:\/\/balkanwines.ca\/index.php\/chateau-rousselle-cellar\/\" \/>\n<meta property=\"og:site_name\" content=\"PV Wine &amp; Spirits\" \/>\n<meta property=\"article:publisher\" content=\"https:\/\/www.facebook.com\/PVFineSelections\/\" \/>\n<meta property=\"article:modified_time\" content=\"2020-01-31T16:27:11+00:00\" \/>\n<meta property=\"og:image\" content=\"http:\/\/balkanwines.ca\/wp-content\/uploads\/elementor\/thumbs\/logo_rouselle-2-scaled-okhgw5jkxgarp9686g460t0aon77ettkovf4019vj0.jpg\" \/>\n<meta name=\"twitter:card\" content=\"summary_large_image\" \/>\n<meta name=\"twitter:label1\" content=\"Est. reading time\" \/>\n\t<meta name=\"twitter:data1\" content=\"3 minutes\" \/>\n<script type=\"application\/ld+json\" class=\"yoast-schema-graph\">{\"@context\":\"https:\/\/schema.org\",\"@graph\":[{\"@type\":\"WebPage\",\"@id\":\"https:\/\/balkanwines.ca\/index.php\/chateau-rousselle-cellar\/\",\"url\":\"https:\/\/balkanwines.ca\/index.php\/chateau-rousselle-cellar\/\",\"name\":\"Ch\u00e2teau Rousselle - PV Wine &amp; Spirits\",\"isPartOf\":{\"@id\":\"https:\/\/balkanwines.ca\/#website\"},\"primaryImageOfPage\":{\"@id\":\"https:\/\/balkanwines.ca\/index.php\/chateau-rousselle-cellar\/#primaryimage\"},\"image\":{\"@id\":\"https:\/\/balkanwines.ca\/index.php\/chateau-rousselle-cellar\/#primaryimage\"},\"thumbnailUrl\":\"http:\/\/balkanwines.ca\/wp-content\/uploads\/elementor\/thumbs\/logo_rouselle-2-scaled-okhgw5jkxgarp9686g460t0aon77ettkovf4019vj0.jpg\",\"datePublished\":\"2020-01-31T16:10:21+00:00\",\"dateModified\":\"2020-01-31T16:27:11+00:00\",\"breadcrumb\":{\"@id\":\"https:\/\/balkanwines.ca\/index.php\/chateau-rousselle-cellar\/#breadcrumb\"},\"inLanguage\":\"en-US\",\"potentialAction\":[{\"@type\":\"ReadAction\",\"target\":[\"https:\/\/balkanwines.ca\/index.php\/chateau-rousselle-cellar\/\"]}]},{\"@type\":\"ImageObject\",\"inLanguage\":\"en-US\",\"@id\":\"https:\/\/balkanwines.ca\/index.php\/chateau-rousselle-cellar\/#primaryimage\",\"url\":\"http:\/\/balkanwines.ca\/wp-content\/uploads\/elementor\/thumbs\/logo_rouselle-2-scaled-okhgw5jkxgarp9686g460t0aon77ettkovf4019vj0.jpg\",\"contentUrl\":\"http:\/\/balkanwines.ca\/wp-content\/uploads\/elementor\/thumbs\/logo_rouselle-2-scaled-okhgw5jkxgarp9686g460t0aon77ettkovf4019vj0.jpg\"},{\"@type\":\"BreadcrumbList\",\"@id\":\"https:\/\/balkanwines.ca\/index.php\/chateau-rousselle-cellar\/#breadcrumb\",\"itemListElement\":[{\"@type\":\"ListItem\",\"position\":1,\"name\":\"Home\",\"item\":\"https:\/\/balkanwines.ca\/\"},{\"@type\":\"ListItem\",\"position\":2,\"name\":\"Ch\u00e2teau Rousselle\"}]},{\"@type\":\"WebSite\",\"@id\":\"https:\/\/balkanwines.ca\/#website\",\"url\":\"https:\/\/balkanwines.ca\/\",\"name\":\"PV Wine and Spirits\",\"description\":\"\",\"publisher\":{\"@id\":\"https:\/\/balkanwines.ca\/#organization\"},\"potentialAction\":[{\"@type\":\"SearchAction\",\"target\":{\"@type\":\"EntryPoint\",\"urlTemplate\":\"https:\/\/balkanwines.ca\/?s={search_term_string}\"},\"query-input\":{\"@type\":\"PropertyValueSpecification\",\"valueRequired\":true,\"valueName\":\"search_term_string\"}}],\"inLanguage\":\"en-US\"},{\"@type\":\"Organization\",\"@id\":\"https:\/\/balkanwines.ca\/#organization\",\"name\":\"PV Wine and Spirits\",\"url\":\"https:\/\/balkanwines.ca\/\",\"logo\":{\"@type\":\"ImageObject\",\"inLanguage\":\"en-US\",\"@id\":\"https:\/\/balkanwines.ca\/#\/schema\/logo\/image\/\",\"url\":\"http:\/\/balkanwines.ca\/wp-content\/uploads\/2019\/08\/long-logo-PVWS-EN-red.png\",\"contentUrl\":\"http:\/\/balkanwines.ca\/wp-content\/uploads\/2019\/08\/long-logo-PVWS-EN-red.png\",\"width\":2560,\"height\":683,\"caption\":\"PV Wine and Spirits\"},\"image\":{\"@id\":\"https:\/\/balkanwines.ca\/#\/schema\/logo\/image\/\"},\"sameAs\":[\"https:\/\/www.facebook.com\/PVFineSelections\/\",\"https:\/\/www.instagram.com\/pvwineandspirits\/\"]}]}<\/script>\n<!-- \/ Yoast SEO plugin. -->","yoast_head_json":{"title":"Ch\u00e2teau Rousselle - PV Wine &amp; Spirits","robots":{"index":"index","follow":"follow","max-snippet":"max-snippet:-1","max-image-preview":"max-image-preview:large","max-video-preview":"max-video-preview:-1"},"canonical":"https:\/\/balkanwines.ca\/index.php\/chateau-rousselle-cellar\/","og_locale":"en_US","og_type":"article","og_title":"Ch\u00e2teau Rousselle - PV Wine &amp; Spirits","og_description":"WELCOME TO Spotlight Of The Month &#8211; this section is dedicated to our partners! History Viticulture would date back to the 1st century on the right bank of Gironde Estuary. The records attest that in the 12th century, the Bourg wine region already extended until the districts of Saint Ciers de Canesse and Villeneuve, so there is no doubt that vine growing on the lands known as Rousselle existed several centuries before the noble house was built.About the \u201cnoble house of Rousselle\u201d, its first owner seemed to be My Lord Jean de Tortaty, chevalier in the 17th century. At that...","og_url":"https:\/\/balkanwines.ca\/index.php\/chateau-rousselle-cellar\/","og_site_name":"PV Wine &amp; Spirits","article_publisher":"https:\/\/www.facebook.com\/PVFineSelections\/","article_modified_time":"2020-01-31T16:27:11+00:00","og_image":[{"url":"http:\/\/balkanwines.ca\/wp-content\/uploads\/elementor\/thumbs\/logo_rouselle-2-scaled-okhgw5jkxgarp9686g460t0aon77ettkovf4019vj0.jpg"}],"twitter_card":"summary_large_image","twitter_misc":{"Est. reading time":"3 minutes"},"schema":{"@context":"https:\/\/schema.org","@graph":[{"@type":"WebPage","@id":"https:\/\/balkanwines.ca\/index.php\/chateau-rousselle-cellar\/","url":"https:\/\/balkanwines.ca\/index.php\/chateau-rousselle-cellar\/","name":"Ch\u00e2teau Rousselle - PV Wine &amp; Spirits","isPartOf":{"@id":"https:\/\/balkanwines.ca\/#website"},"primaryImageOfPage":{"@id":"https:\/\/balkanwines.ca\/index.php\/chateau-rousselle-cellar\/#primaryimage"},"image":{"@id":"https:\/\/balkanwines.ca\/index.php\/chateau-rousselle-cellar\/#primaryimage"},"thumbnailUrl":"http:\/\/balkanwines.ca\/wp-content\/uploads\/elementor\/thumbs\/logo_rouselle-2-scaled-okhgw5jkxgarp9686g460t0aon77ettkovf4019vj0.jpg","datePublished":"2020-01-31T16:10:21+00:00","dateModified":"2020-01-31T16:27:11+00:00","breadcrumb":{"@id":"https:\/\/balkanwines.ca\/index.php\/chateau-rousselle-cellar\/#breadcrumb"},"inLanguage":"en-US","potentialAction":[{"@type":"ReadAction","target":["https:\/\/balkanwines.ca\/index.php\/chateau-rousselle-cellar\/"]}]},{"@type":"ImageObject","inLanguage":"en-US","@id":"https:\/\/balkanwines.ca\/index.php\/chateau-rousselle-cellar\/#primaryimage","url":"http:\/\/balkanwines.ca\/wp-content\/uploads\/elementor\/thumbs\/logo_rouselle-2-scaled-okhgw5jkxgarp9686g460t0aon77ettkovf4019vj0.jpg","contentUrl":"http:\/\/balkanwines.ca\/wp-content\/uploads\/elementor\/thumbs\/logo_rouselle-2-scaled-okhgw5jkxgarp9686g460t0aon77ettkovf4019vj0.jpg"},{"@type":"BreadcrumbList","@id":"https:\/\/balkanwines.ca\/index.php\/chateau-rousselle-cellar\/#breadcrumb","itemListElement":[{"@type":"ListItem","position":1,"name":"Home","item":"https:\/\/balkanwines.ca\/"},{"@type":"ListItem","position":2,"name":"Ch\u00e2teau Rousselle"}]},{"@type":"WebSite","@id":"https:\/\/balkanwines.ca\/#website","url":"https:\/\/balkanwines.ca\/","name":"PV Wine and Spirits","description":"","publisher":{"@id":"https:\/\/balkanwines.ca\/#organization"},"potentialAction":[{"@type":"SearchAction","target":{"@type":"EntryPoint","urlTemplate":"https:\/\/balkanwines.ca\/?s={search_term_string}"},"query-input":{"@type":"PropertyValueSpecification","valueRequired":true,"valueName":"search_term_string"}}],"inLanguage":"en-US"},{"@type":"Organization","@id":"https:\/\/balkanwines.ca\/#organization","name":"PV Wine and Spirits","url":"https:\/\/balkanwines.ca\/","logo":{"@type":"ImageObject","inLanguage":"en-US","@id":"https:\/\/balkanwines.ca\/#\/schema\/logo\/image\/","url":"http:\/\/balkanwines.ca\/wp-content\/uploads\/2019\/08\/long-logo-PVWS-EN-red.png","contentUrl":"http:\/\/balkanwines.ca\/wp-content\/uploads\/2019\/08\/long-logo-PVWS-EN-red.png","width":2560,"height":683,"caption":"PV Wine and Spirits"},"image":{"@id":"https:\/\/balkanwines.ca\/#\/schema\/logo\/image\/"},"sameAs":["https:\/\/www.facebook.com\/PVFineSelections\/","https:\/\/www.instagram.com\/pvwineandspirits\/"]}]}},"_links":{"self":[{"href":"https:\/\/balkanwines.ca\/index.php\/wp-json\/wp\/v2\/pages\/3751"}],"collection":[{"href":"https:\/\/balkanwines.ca\/index.php\/wp-json\/wp\/v2\/pages"}],"about":[{"href":"https:\/\/balkanwines.ca\/index.php\/wp-json\/wp\/v2\/types\/page"}],"author":[{"embeddable":true,"href":"https:\/\/balkanwines.ca\/index.php\/wp-json\/wp\/v2\/users\/1"}],"replies":[{"embeddable":true,"href":"https:\/\/balkanwines.ca\/index.php\/wp-json\/wp\/v2\/comments?post=3751"}],"version-history":[{"count":0,"href":"https:\/\/balkanwines.ca\/index.php\/wp-json\/wp\/v2\/pages\/3751\/revisions"}],"wp:attachment":[{"href":"https:\/\/balkanwines.ca\/index.php\/wp-json\/wp\/v2\/media?parent=3751"}],"curies":[{"name":"wp","href":"https:\/\/api.w.org\/{rel}","templated":true}]}}